{"id":16,"date":"2024-10-16T05:07:43","date_gmt":"2024-10-16T08:07:43","guid":{"rendered":"https:\/\/blueday-casino.com\/?page_id=16"},"modified":"2025-03-02T08:28:37","modified_gmt":"2025-03-02T11:28:37","slug":"blueday-casino","status":"publish","type":"page","link":"https:\/\/blueday-casino.com\/","title":{"rendered":"Blueday Casino"},"content":{"rendered":"<h1 class=\"wp-block-heading\"><strong>Blueday Casino Club<\/strong><\/h1>\n\n\n\n<div class=\"wp-block-columns is-layout-flex wp-container-core-columns-is-layout-28f84493 wp-block-columns-is-layout-flex\">\n<div class=\"wp-block-column is-layout-flow wp-block-column-is-layout-flow\">\n<p>Blueday Casino es un nuevo casino en l\u00ednea que ofrece a sus clientes de Argentina un acceso r\u00e1pido a m\u00e1s de 5.000 juegos \u00fanicos, tragaperras y una gran cantidad de otros entretenimientos, incluidas las apuestas deportivas. Nuestro sitio cuenta con muchos juegos populares de los proveedores favoritos de Argentina, como NetEnt, Pragmatic Play, MicroGaming, etc., lo que garantiza una calidad alta y variada. Otra de las cosas que hacen que nuestro casino en l\u00ednea sea \u00fanico es la recompensa que ofrecemos: es un bono del 100% en el primer dep\u00f3sito para jugadores nuevos de hasta ARS 100,000 espec\u00edficamente para el casino en l\u00ednea. Para conseguir este bono, tienes que unirte a Blueday Casino Club y hacer tu primer dep\u00f3sito.<\/p>\n\n\n\n<p>Con nuestra aplicaci\u00f3n Blueday Casino, es muy c\u00f3modo jugar en Blueday Casino. Funciona en cualquier dispositivo Android o iOS y tiene una interfaz f\u00e1cil de usar. La aplicaci\u00f3n es amigable para el usuario y todos los juegos han sido desarrollados pensando en los tel\u00e9fonos m\u00f3viles, por lo que la experiencia de juego es fluida. Para obtener el APK de Blueday Casino, localiza el bot\u00f3n &#8216;Descargar&#8217; en nuestro sitio web y extrae el archivo en tu dispositivo m\u00f3vil. Despu\u00e9s de que la instalaci\u00f3n est\u00e9 completa, podr\u00e1s registrarte y empezar a jugar de inmediato.<\/p>\n\n\n\n<p>Crear una cuenta en Blueday Casino no implica muchas complejidades. S\u00f3lo tiene que hacer clic en el bot\u00f3n \u00abRegistrarse\u00bb situado en la parte superior de la pantalla. Despu\u00e9s, introduce tu nombre de usuario y crea una contrase\u00f1a. Si dispone de un c\u00f3digo promocional, tambi\u00e9n puede utilizarlo. El c\u00f3digo promocional te garantiza que recibir\u00e1s el premio de bienvenida 30 d\u00edas despu\u00e9s de registrarte.&nbsp;<\/p>\n\n\n\n<p>Hazte socio del Blueday Casino Club. \u00a1Reg\u00edstrate ahora y abre las puertas a un mundo lleno de juegos, bonos atractivos y grandes premios!<\/p>\n<\/div>\n\n\n\n<div class=\"wp-block-column is-vertically-aligned-center is-layout-flow wp-block-column-is-layout-flow\">\n<figure class=\"wp-block-image size-large\"><img loading=\"lazy\" decoding=\"async\" width=\"1024\" height=\"747\" src=\"https:\/\/blueday-casino.com\/wp-content\/uploads\/2025\/03\/Blueday-Casino-Club-1024x747.png\" alt=\"Blueday Casino Club\" class=\"wp-image-53\" srcset=\"https:\/\/blueday-casino.com\/wp-content\/uploads\/2025\/03\/Blueday-Casino-Club-1024x747.png 1024w,  https:\/\/blueday-casino.com\/wp-content\/uploads\/2025\/03\/Blueday-Casino-Club-300x219.png 300w,  https:\/\/blueday-casino.com\/wp-content\/uploads\/2025\/03\/Blueday-Casino-Club-768x560.png 768w,  https:\/\/blueday-casino.com\/wp-content\/uploads\/2025\/03\/Blueday-Casino-Club.png 1308w\" sizes=\"auto, (max-width: 1024px) 100vw, 1024px\" \/><\/figure>\n<\/div>\n<\/div>\n\n\n\n<div class=\"wp-block-buttons is-content-justification-center is-layout-flex wp-container-core-buttons-is-layout-a89b3969 wp-block-buttons-is-layout-flex\">\n<div class=\"wp-block-button has-custom-font-size has-medium-font-size\"><a class=\"wp-block-button__link has-black-color has-arielle-smile-gradient-background has-text-color has-background has-link-color wp-element-button\" href=\"https:\/\/blueday-casino.com\/go\" style=\"border-radius:85px\">Registrarse<\/a><\/div>\n<\/div>\n\n\n\n<h2 class=\"wp-block-heading\"><strong>Rese\u00f1a de Blueday Casino Online<\/strong><\/h2>\n\n\n\n<div class=\"wp-block-columns is-layout-flex wp-container-core-columns-is-layout-28f84493 wp-block-columns-is-layout-flex\">\n<div class=\"wp-block-column is-layout-flow wp-block-column-is-layout-flow\"><div class=\"wptb-table-container wptb-table-61\"><div class=\"wptb-table-container-matrix\" id=\"wptb-table-id-61\" data-wptb-version=\"1.6.5\" data-wptb-pro-status=\"false\"><table class=\"wptb-preview-table wptb-element-main-table_setting-61\" style=\"border-spacing: 3px 3px; border-collapse: collapse !important; min-width: 100%; border: 5px solid rgb(107, 107, 107); \" data-border-spacing-columns=\"3\" data-border-spacing-rows=\"3\" data-reconstraction=\"1\" data-wptb-table-directives=\"eyJpbm5lckJvcmRlcnMiOnsiYWN0aXZlIjoiYWxsIiwiYm9yZGVyV2lkdGgiOjEsImJvcmRlclJhZGl1c2VzIjp7ImFsbCI6MCwicm93IjowLCJjb2x1bW4iOjB9fX0=\" data-wptb-responsive-directives=\"eyJyZXNwb25zaXZlRW5hYmxlZCI6ZmFsc2UsInJlc3BvbnNpdmVNb2RlIjoiYXV0byIsInJlbGF0aXZlV2lkdGgiOiJ3aW5kb3ciLCJwcmVzZXJ2ZVJvd0NvbG9yIjpmYWxzZSwiaGVhZGVyRnVsbHlNZXJnZWQiOmZhbHNlLCJicmVha3BvaW50cyI6eyJkZXNrdG9wIjp7Im5hbWUiOiJkZXNrdG9wIiwid2lkdGgiOjEwMjR9LCJ0YWJsZXQiOnsibmFtZSI6InRhYmxldCIsIndpZHRoIjo3MDB9LCJtb2JpbGUiOnsibmFtZSI6Im1vYmlsZSIsIndpZHRoIjozMDB9fSwibW9kZU9wdGlvbnMiOnsiYXV0byI6eyJkaXNhYmxlZCI6eyJkZXNrdG9wIjpmYWxzZSwidGFibGV0IjpmYWxzZSwibW9iaWxlIjpmYWxzZX0sInRvcFJvd0FzSGVhZGVyIjp7ImRlc2t0b3AiOmZhbHNlLCJ0YWJsZXQiOnRydWUsIm1vYmlsZSI6dHJ1ZX0sInJlcGVhdE1lcmdlZEhlYWRlciI6eyJkZXNrdG9wIjp0cnVlLCJ0YWJsZXQiOnRydWUsIm1vYmlsZSI6dHJ1ZX0sInN0YXRpY1RvcFJvdyI6eyJkZXNrdG9wIjpmYWxzZSwidGFibGV0IjpmYWxzZSwibW9iaWxlIjpmYWxzZX0sImNlbGxTdGFja0RpcmVjdGlvbiI6eyJkZXNrdG9wIjoicm93IiwidGFibGV0Ijoicm93IiwibW9iaWxlIjoicm93In0sImNlbGxzUGVyUm93Ijp7ImRlc2t0b3AiOjEsInRhYmxldCI6MiwibW9iaWxlIjoyfX19fQ==\" data-wptb-cells-width-auto-count=\"2\" data-wptb-horizontal-scroll-status=\"false\" data-wptb-extra-styles=\"LyogRW50ZXIgeW91ciBjdXN0b20gQ1NTIHJ1bGVzIGhlcmUgKi8=\" data-wptb-pro-pagination-top-row-header=\"false\" data-wptb-rows-per-page=\"10\" data-wptb-pro-search-top-row-header=\"false\" data-wptb-searchbar-position=\"left\" role=\"table\" data-table-columns=\"2\" data-wptb-table-alignment=\"center\" data-wptb-td-width-auto=\"120\" data-wptb-table-tds-sum-max-width=\"274.40000000000003\" data-wptb-header-background-color=\"#E4F8FFFF\" data-wptb-even-row-background-color=\"#B3E8FFFF\" data-wptb-odd-row-background-color=\"#E4F8FFFF\"><tbody data-global-font-color=\"#000000\" data-global-link-color=\"#000000\" data-global-font-size=\"15\"><tr class=\"wptb-row\" style=\"background-color: rgb(228, 248, 255); \"><td class=\"wptb-cell\" colspan=\"1\" rowspan=\"1\" style=\"padding: 6px; border-width: 1px; border-color: rgb(0, 0, 0); border-style: solid; \" data-y-index=\"0\" data-x-index=\"0\" data-wptb-css-td-auto-width=\"true\" data-wptb-cell-vertical-alignment=\"center\"><div class=\"wptb-text-container wptb-ph-element wptb-element-text-597\" style=\"color: rgb(0, 0, 0); font-size: 17px; \"><div style=\"position: relative;\"><p>T&iacute;tulo<\/p>\n<\/div><\/div><\/td><td class=\"wptb-cell\" colspan=\"1\" rowspan=\"1\" style=\"padding: 6px; border-width: 1px; border-color: rgb(0, 0, 0); border-style: solid; \" data-y-index=\"0\" data-x-index=\"1\" data-wptb-css-td-auto-width=\"true\" data-wptb-cell-vertical-alignment=\"center\"><div class=\"wptb-text-container wptb-ph-element wptb-element-text-598\" style=\"color: rgb(0, 0, 0); font-size: 17px; \"><div style=\"position: relative;\"><p>Blueday Casino Club<\/p>\n<\/div><\/div><\/td><\/tr><tr class=\"wptb-row\" style=\"background-color: rgb(179, 232, 255); \"><td class=\"wptb-cell\" colspan=\"1\" rowspan=\"1\" style=\"padding: 6px; border-width: 1px; border-color: rgb(0, 0, 0); border-style: solid; \" data-y-index=\"1\" data-x-index=\"0\" data-wptb-css-td-auto-width=\"true\" data-wptb-cell-vertical-alignment=\"center\"><div class=\"wptb-text-container wptb-ph-element wptb-element-text-599\" style=\"color: rgb(0, 0, 0); font-size: 17px; \"><div style=\"position: relative;\"><p>A&ntilde;o de fundaci&oacute;n<\/p>\n<\/div><\/div><\/td><td class=\"wptb-cell\" colspan=\"1\" rowspan=\"1\" style=\"padding: 6px; border-width: 1px; border-color: rgb(0, 0, 0); border-style: solid; \" data-y-index=\"1\" data-x-index=\"1\" data-wptb-css-td-auto-width=\"true\" data-wptb-cell-vertical-alignment=\"center\"><div class=\"wptb-text-container wptb-ph-element wptb-element-text-600\" style=\"color: rgb(0, 0, 0); font-size: 17px; \"><div style=\"position: relative;\"><p>2024<\/p>\n<\/div><\/div><\/td><\/tr><tr class=\"wptb-row\" style=\"background-color: rgb(228, 248, 255); \"><td class=\"wptb-cell\" colspan=\"1\" rowspan=\"1\" style=\"padding: 6px; border-width: 1px; border-color: rgb(0, 0, 0); border-style: solid; \" data-y-index=\"2\" data-x-index=\"0\" data-wptb-css-td-auto-width=\"true\" data-wptb-cell-vertical-alignment=\"center\"><div class=\"wptb-text-container wptb-ph-element wptb-element-text-601\" style=\"color: rgb(0, 0, 0); font-size: 17px; \"><div style=\"position: relative;\"><p>Licencia<\/p>\n<\/div><\/div><\/td><td class=\"wptb-cell\" colspan=\"1\" rowspan=\"1\" style=\"padding: 6px; border-width: 1px; border-color: rgb(0, 0, 0); border-style: solid; \" data-y-index=\"2\" data-x-index=\"1\" data-wptb-css-td-auto-width=\"true\" data-wptb-cell-vertical-alignment=\"center\"><div class=\"wptb-text-container wptb-ph-element wptb-element-text-602\" style=\"color: rgb(0, 0, 0); font-size: 17px; \"><div style=\"position: relative;\"><p>iGaming Cura&ccedil;ao<\/p>\n<\/div><\/div><\/td><\/tr><tr class=\"wptb-row\" style=\"background-color: rgb(179, 232, 255); \"><td class=\"wptb-cell\" colspan=\"1\" rowspan=\"1\" style=\"padding: 6px; border-width: 1px; border-color: rgb(0, 0, 0); border-style: solid; \" data-y-index=\"3\" data-x-index=\"0\" data-wptb-css-td-auto-width=\"true\" data-wptb-cell-vertical-alignment=\"center\"><div class=\"wptb-text-container wptb-ph-element wptb-element-text-603\" style=\"color: rgb(0, 0, 0); font-size: 17px; \"><div style=\"position: relative;\"><p>Pa&iacute;s<\/p>\n<\/div><\/div><\/td><td class=\"wptb-cell\" colspan=\"1\" rowspan=\"1\" style=\"padding: 6px; border-width: 1px; border-color: rgb(0, 0, 0); border-style: solid; \" data-y-index=\"3\" data-x-index=\"1\" data-wptb-css-td-auto-width=\"true\" data-wptb-cell-vertical-alignment=\"center\"><div class=\"wptb-text-container wptb-ph-element wptb-element-text-604\" style=\"color: rgb(0, 0, 0); font-size: 17px; \"><div style=\"position: relative;\"><p>Argentina<\/p>\n<\/div><\/div><\/td><\/tr><tr class=\"wptb-row\" style=\"background-color: rgb(228, 248, 255); \"><td class=\"wptb-cell\" colspan=\"1\" rowspan=\"1\" style=\"padding: 6px; border-width: 1px; border-color: rgb(0, 0, 0); border-style: solid; \" data-y-index=\"4\" data-x-index=\"0\" data-wptb-css-td-auto-width=\"true\" data-wptb-cell-vertical-alignment=\"center\"><div class=\"wptb-text-container wptb-ph-element wptb-element-text-605\" style=\"color: rgb(0, 0, 0); font-size: 17px; \"><div style=\"position: relative;\"><p>Juegos<\/p>\n<\/div><\/div><\/td><td class=\"wptb-cell\" colspan=\"1\" rowspan=\"1\" style=\"padding: 6px; border-width: 1px; border-color: rgb(0, 0, 0); border-style: solid; \" data-y-index=\"4\" data-x-index=\"1\" data-wptb-css-td-auto-width=\"true\" data-wptb-cell-vertical-alignment=\"center\"><div class=\"wptb-text-container wptb-ph-element wptb-element-text-606\" style=\"color: rgb(0, 0, 0); font-size: 17px; \"><div style=\"position: relative;\"><p>M&aacute;s de 5 000 juegos incluyendo tragamonedas y juegos de mesa<\/p>\n<\/div><\/div><\/td><\/tr><tr class=\"wptb-row\" style=\"background-color: rgb(179, 232, 255); \"><td class=\"wptb-cell\" colspan=\"1\" rowspan=\"1\" style=\"padding: 6px; border-width: 1px; border-color: rgb(0, 0, 0); border-style: solid; \" data-y-index=\"5\" data-x-index=\"0\" data-wptb-css-td-auto-width=\"true\" data-wptb-cell-vertical-alignment=\"center\"><div class=\"wptb-text-container wptb-ph-element wptb-element-text-607\" style=\"color: rgb(6, 5, 5); font-size: 17px; \"><div style=\"position: relative;\"><p>Deportes<\/p>\n<\/div><\/div><\/td><td class=\"wptb-cell\" colspan=\"1\" rowspan=\"1\" style=\"padding: 6px; border-width: 1px; border-color: rgb(0, 0, 0); border-style: solid; \" data-y-index=\"5\" data-x-index=\"1\" data-wptb-css-td-auto-width=\"true\" data-wptb-cell-vertical-alignment=\"center\"><div class=\"wptb-text-container wptb-ph-element wptb-element-text-608\" style=\"color: rgb(0, 0, 0); font-size: 17px; \"><div style=\"position: relative;\"><p>Apuestas deportivas disponibles<\/p>\n<\/div><\/div><\/td><\/tr><tr class=\"wptb-row\" style=\"background-color: rgb(228, 248, 255); \"><td class=\"wptb-cell\" colspan=\"1\" rowspan=\"1\" style=\"padding: 6px; border-width: 1px; border-color: rgb(0, 0, 0); border-style: solid; \" data-y-index=\"6\" data-x-index=\"0\" data-wptb-css-td-auto-width=\"true\" data-wptb-cell-vertical-alignment=\"center\"><div class=\"wptb-text-container wptb-ph-element wptb-element-text-609\" style=\"color: rgb(0, 0, 0); font-size: 17px; \"><div style=\"position: relative;\"><p>Dep&oacute;sito m&iacute;nimo<\/p>\n<\/div><\/div><\/td><td class=\"wptb-cell\" colspan=\"1\" rowspan=\"1\" style=\"padding: 6px; border-width: 1px; border-color: rgb(0, 0, 0); border-style: solid; \" data-y-index=\"6\" data-x-index=\"1\" data-wptb-css-td-auto-width=\"true\" data-wptb-cell-vertical-alignment=\"center\"><div class=\"wptb-text-container wptb-ph-element wptb-element-text-610\" style=\"color: rgb(0, 0, 0); font-size: 17px; \"><div style=\"position: relative;\"><p>10 ARS<\/p>\n<\/div><\/div><\/td><\/tr><tr class=\"wptb-row\" style=\"background-color: rgb(179, 232, 255); \"><td class=\"wptb-cell\" colspan=\"1\" rowspan=\"1\" style=\"padding: 6px; border-width: 1px; border-color: rgb(0, 0, 0); border-style: solid; \" data-y-index=\"7\" data-x-index=\"0\" data-wptb-css-td-auto-width=\"true\" data-wptb-cell-vertical-alignment=\"center\"><div class=\"wptb-text-container wptb-ph-element wptb-element-text-611\" style=\"color: rgb(0, 0, 0); font-size: 17px; \"><div style=\"position: relative;\"><p>Moneda<\/p>\n<\/div><\/div><\/td><td class=\"wptb-cell\" colspan=\"1\" rowspan=\"1\" style=\"padding: 6px; border-width: 1px; border-color: rgb(0, 0, 0); border-style: solid; \" data-y-index=\"7\" data-x-index=\"1\" data-wptb-css-td-auto-width=\"true\" data-wptb-cell-vertical-alignment=\"center\"><div class=\"wptb-text-container wptb-ph-element wptb-element-text-612\" style=\"color: rgb(0, 0, 0); font-size: 17px; \"><div style=\"position: relative;\"><p>Pesos argentinos (ARS)<\/p>\n<\/div><\/div><\/td><\/tr><tr class=\"wptb-row\" style=\"background-color: rgb(228, 248, 255); \"><td class=\"wptb-cell\" colspan=\"1\" rowspan=\"1\" style=\"padding: 6px; border-width: 1px; border-color: rgb(0, 0, 0); border-style: solid; \" data-y-index=\"8\" data-x-index=\"0\" data-wptb-css-td-auto-width=\"true\" data-wptb-cell-vertical-alignment=\"center\"><div class=\"wptb-text-container wptb-ph-element wptb-element-text-613\" style=\"color: rgb(8, 7, 7); font-size: 17px; \"><div style=\"position: relative;\"><p>M&eacute;todos de pago<\/p>\n<\/div><\/div><\/td><td class=\"wptb-cell\" colspan=\"1\" rowspan=\"1\" style=\"padding: 6px; border-width: 1px; border-color: rgb(0, 0, 0); border-style: solid; \" data-y-index=\"8\" data-x-index=\"1\" data-wptb-css-td-auto-width=\"true\" data-wptb-cell-vertical-alignment=\"center\"><div class=\"wptb-text-container wptb-ph-element wptb-element-text-614\" style=\"color: rgb(0, 0, 0); font-size: 17px; \"><div style=\"position: relative;\"><p>Mercado Pago, Tarjetas de cr&eacute;dito y d&eacute;bito, Transferencias bancarias, Pago F&aacute;cil<\/p>\n<\/div><\/div><\/td><\/tr><tr class=\"wptb-row\" style=\"background-color: rgb(179, 232, 255); \"><td class=\"wptb-cell\" colspan=\"1\" rowspan=\"1\" style=\"padding: 6px; border-width: 1px; border-color: rgb(0, 0, 0); border-style: solid; \" data-y-index=\"9\" data-x-index=\"0\" data-wptb-css-td-auto-width=\"true\" data-wptb-cell-vertical-alignment=\"center\"><div class=\"wptb-text-container wptb-ph-element wptb-element-text-615\" style=\"color: rgb(0, 0, 0); font-size: 17px; \"><div style=\"position: relative;\"><p>Aplicaci&oacute;n<\/p>\n<\/div><\/div><\/td><td class=\"wptb-cell\" colspan=\"1\" rowspan=\"1\" style=\"padding: 6px; border-width: 1px; border-color: rgb(0, 0, 0); border-style: solid; \" data-y-index=\"9\" data-x-index=\"1\" data-wptb-css-td-auto-width=\"true\" data-wptb-cell-vertical-alignment=\"center\"><div class=\"wptb-text-container wptb-ph-element wptb-element-text-616\" style=\"color: rgb(0, 0, 0); font-size: 17px; \"><div style=\"position: relative;\"><p>Disponible para Android e iOS<\/p>\n<\/div><\/div><\/td><\/tr><tr class=\"wptb-row\" style=\"background-color: rgb(228, 248, 255); \"><td class=\"wptb-cell\" colspan=\"1\" rowspan=\"1\" style=\"padding: 6px; border-width: 1px; border-color: rgb(0, 0, 0); border-style: solid; \" data-y-index=\"10\" data-x-index=\"0\" data-wptb-css-td-auto-width=\"true\" data-wptb-cell-vertical-alignment=\"center\"><div class=\"wptb-text-container wptb-ph-element wptb-element-text-617\" style=\"color: rgb(0, 0, 0); font-size: 17px; \"><div style=\"position: relative;\"><p>Bonificaciones<\/p>\n<\/div><\/div><\/td><td class=\"wptb-cell\" colspan=\"1\" rowspan=\"1\" style=\"padding: 6px; border-width: 1px; border-color: rgb(0, 0, 0); border-style: solid; \" data-y-index=\"10\" data-x-index=\"1\" data-wptb-css-td-auto-width=\"true\" data-wptb-cell-vertical-alignment=\"center\"><div class=\"wptb-text-container wptb-ph-element wptb-element-text-618\" style=\"color: rgb(0, 0, 0); font-size: 17px; \"><div style=\"position: relative;\"><p>Bono de bienvenida del 100% hasta ARS 100 000<\/p>\n<\/div><\/div><\/td><\/tr><tr class=\"wptb-row\" style=\"background-color: rgb(179, 232, 255); \"><td class=\"wptb-cell\" colspan=\"1\" rowspan=\"1\" style=\"padding: 6px; border-width: 1px; border-color: rgb(0, 0, 0); border-style: solid; \" data-y-index=\"11\" data-x-index=\"0\" data-wptb-css-td-auto-width=\"true\" data-wptb-cell-vertical-alignment=\"center\"><div class=\"wptb-text-container wptb-ph-element wptb-element-text-619\" style=\"color: rgb(0, 0, 0); font-size: 17px; \"><div style=\"position: relative;\"><p>Soporte<\/p>\n<\/div><\/div><\/td><td class=\"wptb-cell\" colspan=\"1\" rowspan=\"1\" style=\"padding: 6px; border-width: 1px; border-color: rgb(0, 0, 0); border-style: solid; \" data-y-index=\"11\" data-x-index=\"1\" data-wptb-css-td-auto-width=\"true\" data-wptb-cell-vertical-alignment=\"center\"><div class=\"wptb-text-container wptb-ph-element wptb-element-text-620\" style=\"color: rgb(0, 0, 0); font-size: 17px; \"><div style=\"position: relative;\"><p>Chat en directo, correo electr&oacute;nico<\/p>\n<\/div><\/div><\/td><\/tr><\/tbody><\/table><\/div><\/div>\n\n<\/div>\n<\/div>","protected":false},"excerpt":{"rendered":"<p>Blueday Casino Club Blueday Casino es un nuevo casino en l\u00ednea que ofrece a sus clientes de Argentina un acceso r\u00e1pido a m\u00e1s de 5.000 juegos \u00fanicos, tragaperras y una gran cantidad de otros entretenimientos, incluidas las apuestas deportivas. Nuestro sitio cuenta con muchos juegos populares de los proveedores favoritos de Argentina, como NetEnt, Pragmatic [&hellip;]<\/p>","protected":false},"author":1,"featured_media":0,"parent":0,"menu_order":0,"comment_status":"closed","ping_status":"closed","template":"","meta":{"footnotes":""},"class_list":["post-16","page","type-page","status-publish","hentry"],"blocksy_meta":[],"_links":{"self":[{"href":"https:\/\/blueday-casino.com\/index.php?rest_route=\/wp\/v2\/pages\/16","targetHints":{"allow":["GET"]}}],"collection":[{"href":"https:\/\/blueday-casino.com\/index.php?rest_route=\/wp\/v2\/pages"}],"about":[{"href":"https:\/\/blueday-casino.com\/index.php?rest_route=\/wp\/v2\/types\/page"}],"author":[{"embeddable":true,"href":"https:\/\/blueday-casino.com\/index.php?rest_route=\/wp\/v2\/users\/1"}],"replies":[{"embeddable":true,"href":"https:\/\/blueday-casino.com\/index.php?rest_route=%2Fwp%2Fv2%2Fcomments&post=16"}],"version-history":[{"count":5,"href":"https:\/\/blueday-casino.com\/index.php?rest_route=\/wp\/v2\/pages\/16\/revisions"}],"predecessor-version":[{"id":63,"href":"https:\/\/blueday-casino.com\/index.php?rest_route=\/wp\/v2\/pages\/16\/revisions\/63"}],"wp:attachment":[{"href":"https:\/\/blueday-casino.com\/index.php?rest_route=%2Fwp%2Fv2%2Fmedia&parent=16"}],"curies":[{"name":"wp","href":"https:\/\/api.w.org\/{rel}","templated":true}]}}